{"id":130,"date":"2025-09-11T23:14:42","date_gmt":"2025-09-11T23:14:42","guid":{"rendered":"https:\/\/agrosuppliesbrazil.com\/?page_id=130"},"modified":"2025-09-13T10:22:38","modified_gmt":"2025-09-13T10:22:38","slug":"home","status":"publish","type":"page","link":"https:\/\/agrosuppliesbrazil.com\/pt\/","title":{"rendered":"IN\u00cdCIO"},"content":{"rendered":"<div data-elementor-type=\"wp-page\" data-elementor-id=\"130\" class=\"elementor elementor-130\">\n\t\t\t\t<div class=\"elementor-element elementor-element-a34f84c e-flex e-con-boxed e-con e-parent\" data-id=\"a34f84c\" data-element_type=\"container\" data-settings=\"{&quot;background_background&quot;:&quot;slideshow&quot;,&quot;background_slideshow_gallery&quot;:[{&quot;id&quot;:414,&quot;url&quot;:&quot;https:\\\/\\\/agrosuppliesbrazil.com\\\/wp-content\\\/uploads\\\/2025\\\/09\\\/HOS.png&quot;}],&quot;background_slideshow_loop&quot;:&quot;yes&quot;,&quot;background_slideshow_slide_duration&quot;:5000,&quot;background_slideshow_slide_transition&quot;:&quot;fade&quot;,&quot;background_slideshow_transition_duration&quot;:500}\">\n\t\t\t\t\t<div class=\"e-con-inner\">\n\t\t\t\t\t<\/div>\n\t\t\t\t<\/div>\n\t\t<div class=\"elementor-element elementor-element-e258dca e-flex e-con-boxed e-con e-parent\" data-id=\"e258dca\" data-element_type=\"container\">\n\t\t\t\t\t<div class=\"e-con-inner\">\n\t\t<div class=\"elementor-element elementor-element-edc473b e-con-full e-flex e-con e-child\" data-id=\"edc473b\" data-element_type=\"container\">\n\t\t\t\t<div class=\"elementor-element elementor-element-4faa7c6 elementor-widget elementor-widget-heading\" data-id=\"4faa7c6\" data-element_type=\"widget\" data-widget_type=\"heading.default\">\n\t\t\t\t\t<h1 class=\"elementor-heading-title elementor-size-default\">PRODUTOS E SERVI\u00c7OS<\/h1>\t\t\t\t<\/div>\n\t\t\t\t<div class=\"elementor-element elementor-element-ef30e95 elementor-widget elementor-widget-image\" data-id=\"ef30e95\" data-element_type=\"widget\" data-widget_type=\"image.default\">\n\t\t\t\t\t\t\t\t\t\t\t\t\t\t\t<img fetchpriority=\"high\" decoding=\"async\" width=\"595\" height=\"555\" src=\"https:\/\/agrosuppliesbrazil.com\/wp-content\/uploads\/2025\/09\/9-2025_174556_sites.google.com_.jpeg\" class=\"attachment-large size-large wp-image-378\" alt=\"\" srcset=\"https:\/\/agrosuppliesbrazil.com\/wp-content\/uploads\/2025\/09\/9-2025_174556_sites.google.com_.jpeg 595w, https:\/\/agrosuppliesbrazil.com\/wp-content\/uploads\/2025\/09\/9-2025_174556_sites.google.com_-300x280.jpeg 300w\" sizes=\"(max-width: 595px) 100vw, 595px\" \/>\t\t\t\t\t\t\t\t\t\t\t\t\t\t\t<\/div>\n\t\t\t\t<\/div>\n\t\t<div class=\"elementor-element elementor-element-11ec743 e-con-full e-flex e-con e-child\" data-id=\"11ec743\" data-element_type=\"container\">\n\t\t\t\t<div class=\"elementor-element elementor-element-a3f4e6d elementor-widget elementor-widget-text-editor\" data-id=\"a3f4e6d\" data-element_type=\"widget\" data-widget_type=\"text-editor.default\">\n\t\t\t\t\t\t\t\t\t<h3>&nbsp;<\/h3>\n<div id=\"h.27031ce7b2fc1cfe_6\" class=\"hJDwNd-AhqUyc-wNfPc Ft7HRd-AhqUyc-wNfPc pSzOP-AhqUyc-wNfPc Ktthjf-AhqUyc-wNfPc jXK9ad D2fZ2 zu5uec OjCsFc dmUFtb JYTMs\">\n<div class=\"jXK9ad-SmKAyb\">\n<div class=\"tyJCtd mGzaTb Depvyb baZpAe\">\n<p class=\"CDt4Ke zfr3Q\" dir=\"ltr\"><strong><span style=\"color: #000000;\">&nbsp;<\/span><\/strong><\/p>\n<p class=\"CDt4Ke zfr3Q\" dir=\"ltr\"><strong style=\"font-size: 1rem;\"><span style=\"color: #000000;\">Voc\u00ea est\u00e1 pronto para expandir seus neg\u00f3cios?<\/span><\/strong><\/p>\n<\/div>\n<\/div>\n<\/div>\n<div id=\"h.27031ce7b2fc1cfe_8\" class=\"hJDwNd-AhqUyc-wNfPc Ft7HRd-AhqUyc-wNfPc pSzOP-AhqUyc-wNfPc Ktthjf-AhqUyc-wNfPc jXK9ad D2fZ2 zu5uec JYTMs\">\n<div class=\"jXK9ad-SmKAyb\">\n<div class=\"tyJCtd mGzaTb Depvyb baZpAe\">\n<div id=\"h.74j2u36jyfq8\" class=\"CobnVe aP9Z7e\">&nbsp;<\/div>\n<div class=\"PPhIP rviiZ\">&nbsp;<\/div>\n<h2 class=\"CjVfdc\"><span style=\"color: #339966;\"><strong><span class=\"Rn3Z1b\">Bem-vindo<\/span><\/strong><\/span><\/h2>\n<div><span style=\"color: #339966;\"><strong><span class=\"Rn3Z1b\">&nbsp;<\/span><\/strong><\/span><\/div>\n<\/div>\n<\/div>\n<\/div>\n<div id=\"h.27031ce7b2fc1cfe_10\" class=\"hJDwNd-AhqUyc-wNfPc Ft7HRd-AhqUyc-wNfPc pSzOP-AhqUyc-wNfPc Ktthjf-AhqUyc-wNfPc jXK9ad D2fZ2 zu5uec JYTMs\">\n<div class=\"jXK9ad-SmKAyb\">\n<div class=\"tyJCtd mGzaTb Depvyb baZpAe\">\n<p class=\"CDt4Ke zfr3Q\" dir=\"ltr\"><strong><span style=\"color: #000000;\">Estamos aqui para ajud\u00e1-lo com todos os nossos servi\u00e7os de log\u00edstica, servi\u00e7os de cadeia de suprimentos e servi\u00e7os internacionais.<\/span><\/strong><\/p>\n<\/div>\n<\/div>\n<\/div>\n<h3 dir=\"ltr\">&nbsp;<\/h3><h3 dir=\"ltr\"><span style=\"color: inherit; font-family: inherit; font-size: 1.75rem;\">&nbsp;<\/span><\/h3>\n<h3 dir=\"ltr\">&nbsp;<\/h3>\t\t\t\t\t\t\t\t<\/div>\n\t\t\t\t<\/div>\n\t\t\t\t\t<\/div>\n\t\t\t\t<\/div>\n\t\t<div class=\"elementor-element elementor-element-d8af3a8 e-flex e-con-boxed e-con e-parent\" data-id=\"d8af3a8\" data-element_type=\"container\" data-settings=\"{&quot;background_background&quot;:&quot;slideshow&quot;,&quot;background_slideshow_gallery&quot;:[{&quot;id&quot;:381,&quot;url&quot;:&quot;https:\\\/\\\/agrosuppliesbrazil.com\\\/wp-content\\\/uploads\\\/2025\\\/09\\\/header-1.jpg&quot;}],&quot;background_slideshow_loop&quot;:&quot;yes&quot;,&quot;background_slideshow_slide_duration&quot;:5000,&quot;background_slideshow_slide_transition&quot;:&quot;fade&quot;,&quot;background_slideshow_transition_duration&quot;:500}\">\n\t\t\t\t\t<div class=\"e-con-inner\">\n\t\t\t\t<div class=\"elementor-element elementor-element-1d8e4f6 elementor-widget elementor-widget-text-editor\" data-id=\"1d8e4f6\" data-element_type=\"widget\" data-widget_type=\"text-editor.default\">\n\t\t\t\t\t\t\t\t\t<p class=\"CDt4Ke zfr3Q\" dir=\"ltr\"><span style=\"color: #ffffff;\"><span class=\"jgG6ef\"><strong>SUGAR BRASIL, <\/strong><\/span><span class=\"jgG6ef\"><strong>GRUPO DAS MARIAS.<\/strong><\/span><\/span><\/p><p class=\"CDt4Ke zfr3Q\" dir=\"ltr\"><span style=\"color: #ffffff;\">Sediada em Mar\u00edlia, S\u00e3o Paulo, Brasil, <strong>FORNECEDORES AGRO<\/strong>\u00c9 uma empresa brasileira fundada em 1999, que foca sua atividade comercial na importa\u00e7\u00e3o, exporta\u00e7\u00e3o, servi\u00e7os de log\u00edstica, transporte mar\u00edtimo e a\u00e9reo, armazenagem, distribui\u00e7\u00e3o e comercializa\u00e7\u00e3o de alimentos para o consumo humano e animal, etanol, \u00e1lcool e seus derivados, entre outros. Estabelecendo rela\u00e7\u00f5es comerciais com renomadas empresas globais, com seus parceiros cooperando entre si para promover e facilitar o com\u00e9rcio nacional e internacional entre diferentes empresas, posicionando a marca made in Brazil mundialmente com produtos e servi\u00e7os de alta qualidade.<\/span><\/p><p class=\"CDt4Ke zfr3Q\" dir=\"ltr\"><span style=\"color: #ffffff;\">A SUGAR BRAZIL \u00e9 especializada na importa\u00e7\u00e3o e exporta\u00e7\u00e3o de\u00a0<strong>A\u00c7\u00daCAR, ETANOL, \u00c1LCOOL E SOJA<\/strong>. por ter mais de 20 anos de ampla experi\u00eancia no setor de agroneg\u00f3cios no Brasil.<\/span><\/p>\t\t\t\t\t\t\t\t<\/div>\n\t\t\t\t\t<\/div>\n\t\t\t\t<\/div>\n\t\t<div class=\"elementor-element elementor-element-ccbd45a e-flex e-con-boxed e-con e-parent\" data-id=\"ccbd45a\" data-element_type=\"container\">\n\t\t\t\t\t<div class=\"e-con-inner\">\n\t\t\t\t<div class=\"elementor-element elementor-element-b287375 elementor-widget__width-initial elementor-widget elementor-widget-text-editor\" data-id=\"b287375\" data-element_type=\"widget\" data-widget_type=\"text-editor.default\">\n\t\t\t\t\t\t\t\t\t<h2 class=\"CjVfdc\" style=\"text-align: center;\"><span class=\"gBYvFf\" style=\"color: #003300;\">\u00a0 \u00a0 \u00a0 \u00a0 \u00a0\u00a0<\/span><br \/><span style=\"color: #003300;\"><span class=\"gBYvFf\"><br \/><\/span><span class=\"gBYvFf\">\u00a0ESCLARECIMENTO DE ALERTA DE FRAUDE DE E-MAIL INTERNACIONAL<\/span><\/span><\/h2><h2 id=\"h.p5blq2m9pogo\" class=\"CobnVe aP9Z7e\" style=\"text-align: center;\"><span style=\"color: #003300;\">\u00a0<span style=\"font-family: inherit; font-size: 2rem;\">\u00a0<\/span><\/span><\/h2><div class=\"CjVfdc\" style=\"text-align: center;\"><h2><span class=\"gBYvFf\" style=\"color: #000000;\"><span style=\"color: #003300;\"> -CONTRA NOSSA ORGANIZA\u00c7\u00c3O<\/span> <\/span><\/h2><\/div>\t\t\t\t\t\t\t\t<\/div>\n\t\t\t\t\t<\/div>\n\t\t\t\t<\/div>\n\t\t<div class=\"elementor-element elementor-element-a61a9c0 e-flex e-con-boxed e-con e-parent\" data-id=\"a61a9c0\" data-element_type=\"container\" data-settings=\"{&quot;background_background&quot;:&quot;slideshow&quot;,&quot;background_slideshow_gallery&quot;:[{&quot;id&quot;:414,&quot;url&quot;:&quot;https:\\\/\\\/agrosuppliesbrazil.com\\\/wp-content\\\/uploads\\\/2025\\\/09\\\/HOS.png&quot;}],&quot;background_slideshow_loop&quot;:&quot;yes&quot;,&quot;background_slideshow_slide_duration&quot;:5000,&quot;background_slideshow_slide_transition&quot;:&quot;fade&quot;,&quot;background_slideshow_transition_duration&quot;:500}\">\n\t\t\t\t\t<div class=\"e-con-inner\">\n\t\t\t\t<div class=\"elementor-element elementor-element-6b550fb elementor-widget elementor-widget-text-editor\" data-id=\"6b550fb\" data-element_type=\"widget\" data-widget_type=\"text-editor.default\">\n\t\t\t\t\t\t\t\t\t<h5 class=\"elementor-heading-title elementor-size-default elementor-inline-editing pen\" style=\"text-align: center;\" contenteditable=\"true\" data-elementor-setting-key=\"title\" data-pen-placeholder=\"Type Here...\"><span style=\"color: #ffffff;\">...Por ser um processo complexo, como o Com\u00e9rcio Internacional, n\u00f3s o transformamos em algo profissional, seguro e bem organizado, prestando o melhor servi\u00e7o com as m\u00e1ximas garantias legais e financeiras...<\/span><\/h5>\t\t\t\t\t\t\t\t<\/div>\n\t\t\t\t\t<\/div>\n\t\t\t\t<\/div>\n\t\t<div class=\"elementor-element elementor-element-3c5315d e-flex e-con-boxed e-con e-parent\" data-id=\"3c5315d\" data-element_type=\"container\">\n\t\t\t\t\t<div class=\"e-con-inner\">\n\t\t\t\t<div class=\"elementor-element elementor-element-96b1e62 elementor-arrows-position-inside elementor-pagination-position-outside elementor-widget elementor-widget-image-carousel\" data-id=\"96b1e62\" data-element_type=\"widget\" data-settings=\"{&quot;navigation&quot;:&quot;both&quot;,&quot;autoplay&quot;:&quot;yes&quot;,&quot;pause_on_hover&quot;:&quot;yes&quot;,&quot;pause_on_interaction&quot;:&quot;yes&quot;,&quot;autoplay_speed&quot;:5000,&quot;infinite&quot;:&quot;yes&quot;,&quot;speed&quot;:500}\" data-widget_type=\"image-carousel.default\">\n\t\t\t\t\t\t\t<div class=\"elementor-image-carousel-wrapper swiper\" role=\"region\" aria-roledescription=\"carousel\" aria-label=\"Carrossel de imagens\" dir=\"ltr\">\n\t\t\t<div class=\"elementor-image-carousel swiper-wrapper\" aria-live=\"off\">\n\t\t\t\t\t\t\t\t<div class=\"swiper-slide\" role=\"group\" aria-roledescription=\"slide\" aria-label=\"1 de 8\"><figure class=\"swiper-slide-inner\"><img decoding=\"async\" class=\"swiper-slide-image\" src=\"https:\/\/agrosuppliesbrazil.com\/wp-content\/uploads\/2025\/09\/Untitled-12.jpg\" alt=\"Untitled (12)\" \/><\/figure><\/div><div class=\"swiper-slide\" role=\"group\" aria-roledescription=\"slide\" aria-label=\"2 de 8\"><figure class=\"swiper-slide-inner\"><img decoding=\"async\" class=\"swiper-slide-image\" src=\"https:\/\/agrosuppliesbrazil.com\/wp-content\/uploads\/2025\/09\/Untitled-1.jpg\" alt=\"Untitled (1)\" \/><\/figure><\/div><div class=\"swiper-slide\" role=\"group\" aria-roledescription=\"slide\" aria-label=\"3 de 8\"><figure class=\"swiper-slide-inner\"><img decoding=\"async\" class=\"swiper-slide-image\" src=\"https:\/\/agrosuppliesbrazil.com\/wp-content\/uploads\/2025\/09\/Untitled-3.jpg\" alt=\"Untitled (3)\" \/><\/figure><\/div><div class=\"swiper-slide\" role=\"group\" aria-roledescription=\"slide\" aria-label=\"4 de 8\"><figure class=\"swiper-slide-inner\"><img decoding=\"async\" class=\"swiper-slide-image\" src=\"https:\/\/agrosuppliesbrazil.com\/wp-content\/uploads\/2025\/09\/Untitled-8.jpg\" alt=\"Untitled (8)\" \/><\/figure><\/div><div class=\"swiper-slide\" role=\"group\" aria-roledescription=\"slide\" aria-label=\"5 de 8\"><figure class=\"swiper-slide-inner\"><img decoding=\"async\" class=\"swiper-slide-image\" src=\"https:\/\/agrosuppliesbrazil.com\/wp-content\/uploads\/2025\/09\/Untitled-10.jpg\" alt=\"Untitled (10)\" \/><\/figure><\/div><div class=\"swiper-slide\" role=\"group\" aria-roledescription=\"slide\" aria-label=\"6 de 8\"><figure class=\"swiper-slide-inner\"><img decoding=\"async\" class=\"swiper-slide-image\" src=\"https:\/\/agrosuppliesbrazil.com\/wp-content\/uploads\/2025\/09\/Untitled-6.jpg\" alt=\"Untitled (6)\" \/><\/figure><\/div><div class=\"swiper-slide\" role=\"group\" aria-roledescription=\"slide\" aria-label=\"7 de 8\"><figure class=\"swiper-slide-inner\"><img decoding=\"async\" class=\"swiper-slide-image\" src=\"https:\/\/agrosuppliesbrazil.com\/wp-content\/uploads\/2025\/09\/Untitled-7.jpg\" alt=\"Untitled (7)\" \/><\/figure><\/div><div class=\"swiper-slide\" role=\"group\" aria-roledescription=\"slide\" aria-label=\"8 de 8\"><figure class=\"swiper-slide-inner\"><img decoding=\"async\" class=\"swiper-slide-image\" src=\"https:\/\/agrosuppliesbrazil.com\/wp-content\/uploads\/2025\/09\/Untitled-4.jpg\" alt=\"Untitled (4)\" \/><\/figure><\/div>\t\t\t<\/div>\n\t\t\t\t\t\t\t\t\t\t\t\t<div class=\"elementor-swiper-button elementor-swiper-button-prev\" role=\"button\" tabindex=\"0\">\n\t\t\t\t\t\t<svg aria-hidden=\"true\" class=\"e-font-icon-svg e-eicon-chevron-left\" viewbox=\"0 0 1000 1000\" xmlns=\"http:\/\/www.w3.org\/2000\/svg\"><path d=\"M646 125C629 125 613 133 604 142L308 442C296 454 292 471 292 487 292 504 296 521 308 533L604 854C617 867 629 875 646 875 663 875 679 871 692 858 704 846 713 829 713 812 713 796 708 779 692 767L438 487 692 225C700 217 708 204 708 187 708 171 704 154 692 142 675 129 663 125 646 125Z\"><\/path><\/svg>\t\t\t\t\t<\/div>\n\t\t\t\t\t<div class=\"elementor-swiper-button elementor-swiper-button-next\" role=\"button\" tabindex=\"0\">\n\t\t\t\t\t\t<svg aria-hidden=\"true\" class=\"e-font-icon-svg e-eicon-chevron-right\" viewbox=\"0 0 1000 1000\" xmlns=\"http:\/\/www.w3.org\/2000\/svg\"><path d=\"M696 533C708 521 713 504 713 487 713 471 708 454 696 446L400 146C388 133 375 125 354 125 338 125 325 129 313 142 300 154 292 171 292 187 292 204 296 221 308 233L563 492 304 771C292 783 288 800 288 817 288 833 296 850 308 863 321 871 338 875 354 875 371 875 388 867 400 854L696 533Z\"><\/path><\/svg>\t\t\t\t\t<\/div>\n\t\t\t\t\n\t\t\t\t\t\t\t\t\t<div class=\"swiper-pagination\"><\/div>\n\t\t\t\t\t\t\t\t\t<\/div>\n\t\t\t\t\t\t<\/div>\n\t\t\t\t\t<\/div>\n\t\t\t\t<\/div>\n\t\t<div class=\"elementor-element elementor-element-3ab8925 e-flex e-con-boxed e-con e-parent\" data-id=\"3ab8925\" data-element_type=\"container\" data-settings=\"{&quot;background_background&quot;:&quot;slideshow&quot;,&quot;background_slideshow_gallery&quot;:[],&quot;background_slideshow_loop&quot;:&quot;yes&quot;,&quot;background_slideshow_slide_duration&quot;:5000,&quot;background_slideshow_slide_transition&quot;:&quot;fade&quot;,&quot;background_slideshow_transition_duration&quot;:500}\">\n\t\t\t\t\t<div class=\"e-con-inner\">\n\t\t\t\t<div class=\"elementor-element elementor-element-64675f1 elementor-widget elementor-widget-text-editor\" data-id=\"64675f1\" data-element_type=\"widget\" data-widget_type=\"text-editor.default\">\n\t\t\t\t\t\t\t\t\t<h6 class=\"CjVfdc\"><span style=\"color: #333333;\">Temos uma grande variedade de produtos dispon\u00edveis e continuamos a aumentar nossos cat\u00e1logos. Entre os produtos mais solicitados est\u00e3o: a\u00e7\u00facar, farinha, todos os tipos de carnes congeladas, diferentes tipos de \u00f3leos vegetais, gr\u00e3os e sementes<\/span><\/h6><h6><span style=\"color: #333333;\">.<\/span><\/h6>\t\t\t\t\t\t\t\t<\/div>\n\t\t\t\t\t<\/div>\n\t\t\t\t<\/div>\n\t\t\t\t<\/div>","protected":false},"excerpt":{"rendered":"<p>PRODUCTS AND SERVICES &nbsp; &nbsp; Are you ready to grow your business? &nbsp; &nbsp; Welcome &nbsp; We are here to help you with all of our logistics services, supply chain services, and international services. &nbsp; &nbsp; &nbsp; SUGAR BRAZIL, GRUPO DAS MARIAS. Based in Mar\u00edlia-S\u00e3o Paulo-Brazil, AGRO SUPPLIERS, It is a Brazilian company Founded in [&hellip;]<\/p>","protected":false},"author":1,"featured_media":0,"parent":0,"menu_order":0,"comment_status":"closed","ping_status":"closed","template":"elementor_header_footer","meta":{"footnotes":""},"class_list":["post-130","page","type-page","status-publish","hentry"],"_hostinger_reach_plugin_has_subscription_block":false,"_hostinger_reach_plugin_is_elementor":false,"_links":{"self":[{"href":"https:\/\/agrosuppliesbrazil.com\/pt\/wp-json\/wp\/v2\/pages\/130","targetHints":{"allow":["GET"]}}],"collection":[{"href":"https:\/\/agrosuppliesbrazil.com\/pt\/wp-json\/wp\/v2\/pages"}],"about":[{"href":"https:\/\/agrosuppliesbrazil.com\/pt\/wp-json\/wp\/v2\/types\/page"}],"author":[{"embeddable":true,"href":"https:\/\/agrosuppliesbrazil.com\/pt\/wp-json\/wp\/v2\/users\/1"}],"replies":[{"embeddable":true,"href":"https:\/\/agrosuppliesbrazil.com\/pt\/wp-json\/wp\/v2\/comments?post=130"}],"version-history":[{"count":30,"href":"https:\/\/agrosuppliesbrazil.com\/pt\/wp-json\/wp\/v2\/pages\/130\/revisions"}],"predecessor-version":[{"id":615,"href":"https:\/\/agrosuppliesbrazil.com\/pt\/wp-json\/wp\/v2\/pages\/130\/revisions\/615"}],"wp:attachment":[{"href":"https:\/\/agrosuppliesbrazil.com\/pt\/wp-json\/wp\/v2\/media?parent=130"}],"curies":[{"name":"wp","href":"https:\/\/api.w.org\/{rel}","templated":true}]}}